{"id":1421,"date":"2014-12-19T12:49:42","date_gmt":"2014-12-19T09:49:42","guid":{"rendered":"http:\/\/blogi.lyseo.org\/wp\/?page_id=1421"},"modified":"2014-12-19T15:16:59","modified_gmt":"2014-12-19T12:16:59","slug":"kysely","status":"publish","type":"page","link":"http:\/\/www.blogi.lyseo.org\/wp\/kysely\/","title":{"rendered":"Verkko 2 kysely (17.12.2014)"},"content":{"rendered":"<input class=\"fooboxshare_post_id\" type=\"hidden\" value=\"1421\"\/><p>Kymmenellell\u00e4 oppitunnilla oppilaat vastasivat kyselyyn, jossa verrattiin e-oppikirjan k\u00e4ytt\u00f6\u00e4 opiskelussa printtikirjan k\u00e4ytt\u00f6\u00f6n ja omia tuntemuksia s\u00e4hk\u00f6isest\u00e4, vuorovaikutteisesta ja oppilaskeskeisest\u00e4 tavasta oppia.<\/p>\n<p><strong>Vertaa lyhyesti aiempaa \u00e4idinkielen kurssia (S\u00e4rm\u00e4, K\u00e4sikirja ja kurssivihko ensimm\u00e4isell\u00e4 kurssilla), opettajajohtoista tapaa, tietotekniikan k\u00e4ytt\u00f6\u00e4 tms.<\/strong><\/p>\n<blockquote><p>Verrattuna viime \u00e4idinkielen kurssiin pid\u00e4n t\u00e4st\u00e4 enemm\u00e4n, koska j\u00e4\u00e4 enemm\u00e4n aikaa teht\u00e4ville, kun opettaja ei puhu niin paljon. Lis\u00e4ksi tietotekniikan opettelusta on aina hy\u00f6ty\u00e4 tulevaisuudessa.<br \/>\nItsen\u00e4isest\u00e4 tietokoneen k\u00e4yt\u00f6st\u00e4 pid\u00e4n paljon vaikka aluksi olinkin skeptinen. Opiskelu ryhm\u00e4ss\u00e4 ja omaehtoisesti on paljon opettavampaa kuin opejohtoinen opiskelu.<\/p>\n<p>T\u00e4m\u00e4 s\u00e4hk\u00f6inen \u00e4ik\u00e4nkurssi on ainakin t\u00e4h\u00e4n menness\u00e4 ollut mielest\u00e4ni mukavampi, kuin perinteinen \u00e4ikk\u00e4.<br \/>\nAlussa oli vaikea hahmottaa, ett\u00e4 miss\u00e4 on mit\u00e4kin, mutta nyt se sujuu jo aikka hyvin.<\/p>\n<p>Viime \u00e4idinkielenkurssi tuotti paljon enemm\u00e4n stressi\u00e4, tietokoneella on paljon mukavampi tehd\u00e4 t\u00f6it\u00e4. My\u00f6s se on hyv\u00e4\u00e4, ett\u00e4 p\u00e4\u00e4semme tekem\u00e4\u00e4n paljon teht\u00e4vi\u00e4 alusta loppuun itse, jolloin my\u00f6s opimme enemm\u00e4n. Hahmottaminen on paljon helpompaa, sek\u00e4 teht\u00e4v\u00e4t on asetettu pakettiin, josta on helppo oppia asiat ja tehd\u00e4 asiaan kuuluvat teht\u00e4v\u00e4t.<\/p>\n<p>Pid\u00e4n enemm\u00e4n t\u00e4st\u00e4 kurssista kun ensimm\u00e4isest\u00e4 jossa ei tietokoneita k\u00e4ytetty. Ryhm\u00e4ss\u00e4 ty\u00f6skentely on my\u00f6s paljon mukavampaa. S\u00e4hk\u00f6inen kirja on paljon k\u00e4tev\u00e4mpi kuin fyysinen kirja. Ei tarvitse kantaa painavaa \u00e4idinkielenkirjaa mukana. Kirjoittaminenkin on sujuvampaa eik\u00e4 yht\u00e4 v\u00e4sytt\u00e4v\u00e4\u00e4.<\/p>\n<p>Verrattuna viime \u00e4idinkielen kurssiin, pid\u00e4n t\u00e4st\u00e4 kurssista aika paljon. Tunneilla on parempi ilmapiiri, jolloin ty\u00f6skentely on parempaa. Lis\u00e4ksi ryhmiss\u00e4 toiminen on virkist\u00e4v\u00e4\u00e4, sek\u00e4 oppikirjan sijaitseminen netiss\u00e4 on helppoa ei voi hukata kirjoja.<\/p>\n<p>Teht\u00e4v\u00e4nannot ovat v\u00e4h\u00e4t ep\u00e4selvempi\u00e4, mutta opiskelumenetelm\u00e4t tuntuvat paremmilta. Oppilaat joutuvat ottamaan enemm\u00e4n vastuuta opiskelustaan, kun opettajan rooli ei ole niin keskeinen.<\/p>\n<p>Ryhm\u00e4ty\u00f6t ja ryhm\u00e4ss\u00e4 t\u00f6iden arviominen on paljon mukavampaa ja rennompaa.<br \/>\nPystyy seuraamaan mit\u00e4 k\u00e4ytiin tunnilla paljon helpommin.<\/p>\n<p>Mielest\u00e4ni t\u00e4m\u00e4 tapa, jossa opettaja antaa teht\u00e4vi\u00e4 ja niit\u00e4 saa tehd\u00e4 omaan tahtiin on hyv\u00e4, koska voi k\u00e4ytt\u00e4\u00e4 mielenkiintoisempiin teht\u00e4viin enemm\u00e4n aikaa.<\/p>\n<p>Opiskelu enemm\u00e4n omatoimisempaa ja tietokoneita on mukava k\u00e4ytt\u00e4\u00e4 opiskelussa.<\/p>\n<p>T\u00e4m\u00e4 tietokone\u00e4ikk\u00e4 on paljon parempi ja mukavampi, kuin normaali opettajajohtoinen opetus.<\/p>\n<p>Tietotekniikan k\u00e4ytt\u00f6 tuo omat hyv\u00e4t puolensa, esim. kirjoittaminen on mukavampaa ja teht\u00e4vi\u00e4 pystyy tekem\u00e4\u00e4n nopeammin.<\/p>\n<p>Tietokoneella on huomattavasti mukavenpi opiskella eik\u00e4. Hommia voi tehd\u00e4 omaan tahtiin, eik\u00e4 opiskelu ole opettajajohtoista.<\/p>\n<p>Nykyinen kurssi on rennompaa ja oppilaskeskeisemp\u00e4\u00e4. Opettaminen on yksinkertaista ja oppiminen mukavaa.<\/p>\n<p>Muistiinpanot ovat helpompia kirjoittaa ja ne pysyv\u00e4t hyvin tallessa. Ei tarvitse my\u00f6sk\u00e4\u00e4n raahata vihkoja mukana.<\/p>\n<p>Tietotekniikan k\u00e4ytt\u00f6 on mielest\u00e4ni paljon parempi ja tuntuu vapaammalta.<\/p>\n<p>\u00c4idinkielen tunnit ovat mukavempia, kun saa tehd\u00e4 teht\u00e4vi\u00e4 omatoimisesti.<\/p>\n<p>No nyky\u00e4\u00e4n on rennonmpaa tunneilla ja kivempaa.<br \/>\nEnnen oli sama kaava koko ajan,\u00a0\u00a0nyky\u00e4\u00e4n opiskelu\u00a0on kivempaa.<\/p>\n<p>Paljon vapaampaa ja monipuolisempaa. Ei ole mit\u00e4\u00e4n negatiivista.<\/p><\/blockquote>\n<p><strong>\u00a0<\/strong><strong>Miten tietotekniikka kurssilla edist\u00e4\u00e4 oppimistasi?<\/strong><\/p>\n<blockquote><p>Vapaampi oppitunti ja oppii niin sanotusti itsen\u00e4isesti tekem\u00e4\u00e4n t\u00f6it\u00e4 ryhm\u00e4n sis\u00e4ll\u00e4&#8230;<\/p>\n<p>T\u00e4ss\u00e4 oppii asioita paljon huomaamattaan ja jotenki keskityy paremmin.<\/p>\n<p>No, ainakin se nopeuttaa huomattavasti tekstien tekemist\u00e4. Kuten jo aiemmin mainitsin, niin siit\u00e4 on my\u00f6s hy\u00f6ty\u00e4 tulevaisuudessa.<\/p>\n<p>Tietoa saa haettua monesta eri l\u00e4hteest\u00e4 nopeasti ja mielest\u00e4ni erillaisten ohjelmien k\u00e4ytt\u00e4minen ja niiden osaaminen on t\u00e4rke\u00e4\u00e4.<\/p>\n<p>Tietoa on valtavasti ulottuvilla.Lukeminen ja kirjoittaminen on selke\u00e4mp\u00e4\u00e4 ja nopeampaa.<\/p>\n<p>Opin k\u00e4ytt\u00e4m\u00e4\u00e4n tietokonetta paremmin , joka on varsinkin hy\u00f6dyllist\u00e4 tulevaisuutta ajatellen hyv\u00e4.<\/p>\n<p>Muistiinpanot on helpompi tehd\u00e4, saat selv\u00e4\u00e4 mit\u00e4 olet kirjoitttanut sek\u00e4 helpompi lukea kokeisiin<\/p>\n<p>Kirja on aina mukana eik\u00e4 sit\u00e4 voi unohtaa koska se on netiss\u00e4. Voin opiskella miss\u00e4 tahansa milloin tahansa.<\/p>\n<p>Pystyn tekem\u00e4\u00e4n teht\u00e4vi\u00e4 ja oppia miss\u00e4 tahansa, milloin tahansa, ilman erillist\u00e4 vaivann\u00e4k\u00f6\u00e4 kirjoista yms.<\/p>\n<p>Tietoa asioista on nopea etsi\u00e4, my\u00f6s kirjoittaminen on nopeaa ja vaivatonta joten t\u00f6it\u00e4 jaksaa tehd\u00e4 paremmin. Kun on mukavempi opiskella uskoisin enemm\u00e4n asioita j\u00e4\u00e4v\u00e4n muistiin.<\/p>\n<p>Tietoa voi hakea itse ja monista l\u00e4hteist\u00e4. Oppiminen on monipuolista.<\/p>\n<p>Helpottaa tuntiteht\u00e4vien tekemist\u00e4.<\/p><\/blockquote>\n","protected":false},"excerpt":{"rendered":"<p>Kymmenellell\u00e4 oppitunnilla oppilaat vastasivat kyselyyn, jossa verrattiin e-oppikirjan k\u00e4ytt\u00f6\u00e4 opiskelussa printtikirjan k\u00e4ytt\u00f6\u00f6n ja omia tuntemuksia s\u00e4hk\u00f6isest\u00e4, vuorovaikutteisesta ja oppilaskeskeisest\u00e4 tavasta oppia. Vertaa lyhyesti aiempaa \u00e4idinkielen kurssia (S\u00e4rm\u00e4, K\u00e4sikirja ja kurssivihko ensimm\u00e4isell\u00e4 kurssilla), opettajajohtoista tapaa, tietotekniikan k\u00e4ytt\u00f6\u00e4 tms. Verrattuna viime \u00e4idinkielen [&hellip;]<\/p>\n","protected":false},"author":1,"featured_media":0,"parent":0,"menu_order":0,"comment_status":"open","ping_status":"open","template":"","meta":{"_exactmetrics_skip_tracking":false,"_exactmetrics_sitenote_active":false,"_exactmetrics_sitenote_note":"","_exactmetrics_sitenote_category":0,"footnotes":""},"class_list":["post-1421","page","type-page","status-publish","hentry"],"_links":{"self":[{"href":"http:\/\/www.blogi.lyseo.org\/wp\/wp-json\/wp\/v2\/pages\/1421","targetHints":{"allow":["GET"]}}],"collection":[{"href":"http:\/\/www.blogi.lyseo.org\/wp\/wp-json\/wp\/v2\/pages"}],"about":[{"href":"http:\/\/www.blogi.lyseo.org\/wp\/wp-json\/wp\/v2\/types\/page"}],"author":[{"embeddable":true,"href":"http:\/\/www.blogi.lyseo.org\/wp\/wp-json\/wp\/v2\/users\/1"}],"replies":[{"embeddable":true,"href":"http:\/\/www.blogi.lyseo.org\/wp\/wp-json\/wp\/v2\/comments?post=1421"}],"version-history":[{"count":9,"href":"http:\/\/www.blogi.lyseo.org\/wp\/wp-json\/wp\/v2\/pages\/1421\/revisions"}],"predecessor-version":[{"id":1449,"href":"http:\/\/www.blogi.lyseo.org\/wp\/wp-json\/wp\/v2\/pages\/1421\/revisions\/1449"}],"wp:attachment":[{"href":"http:\/\/www.blogi.lyseo.org\/wp\/wp-json\/wp\/v2\/media?parent=1421"}],"curies":[{"name":"wp","href":"https:\/\/api.w.org\/{rel}","templated":true}]}}