{"id":4128,"date":"2020-04-17T09:49:51","date_gmt":"2020-04-17T06:49:51","guid":{"rendered":"http:\/\/www.blogi.lyseo.org\/wp\/?page_id=4128"},"modified":"2024-01-09T14:18:19","modified_gmt":"2024-01-09T11:18:19","slug":"lukutaidon-koe-arviointikriteerit","status":"publish","type":"page","link":"http:\/\/www.blogi.lyseo.org\/wp\/ylioppilaskoe\/lukutaidon-koe-arviointikriteerit\/","title":{"rendered":"Lukutaidon koe \u2013 arviointikriteerit"},"content":{"rendered":"<input class=\"fooboxshare_post_id\" type=\"hidden\" value=\"4128\"\/>\r\n<p>Lukutaidon kokeen arvioinnissa k\u00e4ytet\u00e4\u00e4n kolmea eri asteikkoa, ja koe on kolmiosainen.\u00a0<\/p>\r\n\r\n\r\n\r\n<ul class=\"wp-block-list\">\r\n<li>Yhteispistem\u00e4\u00e4r\u00e4 on 60<\/li>\r\n<li>30 pisteen teht\u00e4v\u00e4<\/li>\r\n<li>18 pisteen teht\u00e4v\u00e4<\/li>\r\n<li>12 pisteen teht\u00e4v\u00e4<\/li>\r\n<\/ul>\r\n\r\n\r\n\r\n<p>Arviointi jakautuu kolmeen osaan:<\/p>\r\n\r\n\r\n\r\n<ul class=\"wp-block-list\">\r\n<li>Kokonaiskuva lukutaidosta<\/li>\r\n<li>Vastauksen sis\u00e4lt\u00f6<\/li>\r\n<li>Vastauksen esitystapa<\/li>\r\n<\/ul>\r\n\r\n\r\n\r\n<p>Selkeyden vuoksi listauksessa on k\u00e4ytetty kouluarvosanoja, ja suluissa on vastaava YTL:n pisteitys<\/p>\r\n\r\n\r\n\r\n<p><strong>4 (hyl\u00e4tty 0\/0\/0)<\/strong><\/p>\r\n\r\n\r\n\r\n<ul class=\"wp-block-list\">\r\n<li>Tekstin ymm\u00e4rt\u00e4misess\u00e4 on suuria puutteita.<\/li>\r\n<li>Aineisto on ymm\u00e4rretty kokonaan v\u00e4\u00e4rin.<\/li>\r\n<li>Vastaus on irrallaan teht\u00e4v\u00e4nannosta tai liittyy siihen heikosti.<\/li>\r\n<li>Sis\u00e4lt\u00f6 ei vastaa teht\u00e4v\u00e4nantoa.<\/li>\r\n<li>Vastaus on konkreettisella tasolla.<\/li>\r\n<li>K\u00e4sitteit\u00e4 ei juuri ole k\u00e4ytetty tai niit\u00e4 on k\u00e4ytetty v\u00e4\u00e4rin.<\/li>\r\n<li>Vastauksen ymm\u00e4rt\u00e4minen on vaikeaa.<\/li>\r\n<li>Vastaus on sekava ja j\u00e4sentym\u00e4t\u00f6n.<\/li>\r\n<li>Luettelomuotoinen vastaus on puutteellinen ja ep\u00e4m\u00e4\u00e4r\u00e4isesti muotoiltu.<\/li>\r\n<\/ul>\r\n\r\n\r\n\r\n<p><strong>5 (heikko 2\/3\/5)<\/strong><\/p>\r\n\r\n\r\n\r\n<ul class=\"wp-block-list\">\r\n<li>Erittelev\u00e4 lukutaito on\u00a0 varsin puutteellinen.<\/li>\r\n<li>Tekstin merkityksi\u00e4 on ymm\u00e4rretty huonosti tai virheellisesti.<\/li>\r\n<li>Lukutapa on pinnallinen ja aineiston erittely v\u00e4h\u00e4ist\u00e4.<\/li>\r\n<li>Tulkintoja ei juuri ole, tai ne ovat ep\u00e4uskottavia.<\/li>\r\n<li>Lukutapa ei oikein ole tekstilajin mukainen.<\/li>\r\n<li>Vastaus liittyy jotenkuten teht\u00e4v\u00e4nantoon.<\/li>\r\n<li>Sis\u00e4ll\u00f6ss\u00e4 on virheit\u00e4, tai se on liian suppea tai koostuu liikaa referoinnista.<\/li>\r\n<li>Tekstihavainnot ovat irrallisia, ja p\u00e4\u00e4telm\u00e4t puuttuvat tai niit\u00e4 ei juurikaan perustella.<\/li>\r\n<li>Aihetta k\u00e4sitell\u00e4\u00e4n l\u00e4hinn\u00e4 konkreettisella tasolla.<\/li>\r\n<li>Muutama k\u00e4site on k\u00e4yt\u00f6ss\u00e4 mutta ep\u00e4tarkoituksenmukaisesti.<\/li>\r\n<li>Kokonaisuus on vaikeasti ymm\u00e4rrett\u00e4viss\u00e4.<\/li>\r\n<li>Vastaus on sekava ja heikosti j\u00e4sennelty.<\/li>\r\n<li>Luettelomuotoisen vastauksen muotoilu on heikkoa ja ep\u00e4selv\u00e4\u00e4.<\/li>\r\n<\/ul>\r\n\r\n\r\n\r\n<p><strong>6 (v\u00e4ltt\u00e4v\u00e4 4\/6\/10)<\/strong><\/p>\r\n\r\n\r\n\r\n<ul class=\"wp-block-list\">\r\n<li>Erittelev\u00e4 lukutaito on v\u00e4ltt\u00e4v\u00e4\u00e4.<\/li>\r\n<li>P\u00e4\u00e4sis\u00e4lt\u00f6 on ymm\u00e4rretty puutteellisesti.<\/li>\r\n<li>Lukutapa on pinnallinen ja ep\u00e4oleelliseen keskittyv\u00e4.<\/li>\r\n<li>Vastaus voi sis\u00e4lt\u00e4\u00e4 virheit\u00e4 ja v\u00e4\u00e4rinymm\u00e4rryksi\u00e4, ja lukutapa voi olla tekstilajin vastainen.<\/li>\r\n<li>Vastaus noudattaa osittain teht\u00e4v\u00e4nantoa.<\/li>\r\n<li>Sis\u00e4lt\u00f6 on suppea tai aineistoa toistava.<\/li>\r\n<li>P\u00e4\u00e4telmi\u00e4 on niukasti, ja niit\u00e4 on heikosti perusteltu.<\/li>\r\n<li>Aiheen k\u00e4sittely on p\u00e4\u00e4osin konkreettisella tasolla.<\/li>\r\n<li>Joitain k\u00e4sitteit\u00e4 on yritetty k\u00e4ytt\u00e4\u00e4 mutta mekaanisesti tai virheellisesti.<\/li>\r\n<li>Vastaus on paikoin vaikeaselkoinen.<\/li>\r\n<li>J\u00e4sentelyss\u00e4 on puutteita, eiv\u00e4tk\u00e4 p\u00e4\u00e4- ja sivuasiat erotu toisistaan.<\/li>\r\n<li>Havaintojen ryhmittely puuttuu.<\/li>\r\n<li>Luettelomuotoinen vastaus on ep\u00e4selv\u00e4, ep\u00e4t\u00e4sm\u00e4llinen tai ep\u00e4symmetrinen.<\/li>\r\n<\/ul>\r\n\r\n\r\n\r\n<p><strong>7 (tyydytt\u00e4v\u00e4 6\/9\/15)<\/strong><\/p>\r\n\r\n\r\n\r\n<ul class=\"wp-block-list\">\r\n<li>Erittelev\u00e4 lukutaito on tyydytt\u00e4v\u00e4\u00e4.<\/li>\r\n<li>Oleellisia asioita k\u00e4sitell\u00e4\u00e4n, vaikka irrallisia yksityiskohtiakin on.<\/li>\r\n<li>Tekstin p\u00e4\u00e4sis\u00e4lt\u00f6 ymm\u00e4rret\u00e4\u00e4n.<\/li>\r\n<li>Tekstin tavoite ymm\u00e4rret\u00e4\u00e4n ja jossain m\u00e4\u00e4rin tekstilajipiirteet huomioidaan.<\/li>\r\n<li>Lukutapa on melko pinnallinen ja syvempi\u00e4 merkityksi\u00e4 tulkitaan v\u00e4h\u00e4n.<\/li>\r\n<li>Vastaus t\u00e4ytt\u00e4\u00e4 tyydytt\u00e4v\u00e4sti teht\u00e4v\u00e4nannon.<\/li>\r\n<li>Sis\u00e4lt\u00f6 voi olla suppea tai keskitty\u00e4 ep\u00e4olennaisuuksiin.<\/li>\r\n<li>Havainnot ovat yksipuolisia tai irrallisia.<\/li>\r\n<li>P\u00e4\u00e4telm\u00e4t ovat p\u00e4\u00e4osin uskottavia mutta pinnallisesti perusteltuja.<\/li>\r\n<li>Jonkin verran p\u00e4\u00e4st\u00e4\u00e4n abstraktiotasolle aiheen k\u00e4sittelyss\u00e4.<\/li>\r\n<li>Teht\u00e4v\u00e4\u00e4n sopivia k\u00e4sitteit\u00e4 on k\u00e4ytetty mutta k\u00f6mpel\u00f6sti.<\/li>\r\n<li>Kokonaisuus on melko selke\u00e4.<\/li>\r\n<li>Keskeinen sis\u00e4lt\u00f6 on ymm\u00e4rrett\u00e4v\u00e4\u00e4.<\/li>\r\n<li>Vastauksen j\u00e4sentely on kohtuullisen looginen.<\/li>\r\n<li>Havaintojen ryhmittely\u00e4 on pyritty tekem\u00e4\u00e4n.<\/li>\r\n<li>Luettelomuotoinen vastaus toimii kohtuullisesti.<\/li>\r\n<\/ul>\r\n\r\n\r\n\r\n<p><strong>8 (hyv\u00e4 8\/12\/20)<\/strong><\/p>\r\n\r\n\r\n\r\n<ul class=\"wp-block-list\">\r\n<li>Erittelev\u00e4 lukutaito on hyv\u00e4\u00e4.<\/li>\r\n<li>Vastauksessa on piirteit\u00e4 kriittisen ja kulttuurisen lukutaidon hallinnasta.<\/li>\r\n<li>Tekstist\u00e4 tehd\u00e4\u00e4n olennaisia havaintoja ja suhteutetaan luettavan tekstin genreen.<\/li>\r\n<li>Havainnoissa huomioidaan sis\u00e4ll\u00f6n, muodon ja tavoitteiden v\u00e4lisi\u00e4 suhteita ja tunnistetaan s\u00e4vyj\u00e4 ja tyylej\u00e4.<\/li>\r\n<li>Teht\u00e4v\u00e4nanto t\u00e4yttyy hyvin.<\/li>\r\n<li>P\u00e4\u00e4telmi\u00e4 ja tulkintoja perustellaan tekstihavainnoin.<\/li>\r\n<li>Pyrit\u00e4\u00e4n teht\u00e4v\u00e4nannon mukaiseen sopivaan abstraktiotasoon erittelyss\u00e4 ja tulkinnassa.<\/li>\r\n<li>Teht\u00e4v\u00e4\u00e4n sopivia k\u00e4sitteit\u00e4 on k\u00e4ytetty enimm\u00e4kseen asianmukaisesti.<\/li>\r\n<li>Vastaus kokonaisuudessaan selke\u00e4 ja ymm\u00e4rrett\u00e4v\u00e4.<\/li>\r\n<li>J\u00e4sentely on kunnossa, ja p\u00e4\u00e4- ja sivuasiat erottuvat toisistaan.<\/li>\r\n<li>Havaintoja on ryhmitelty.<\/li>\r\n<li>Luettelomuotoinen vastaus on selke\u00e4.<\/li>\r\n<\/ul>\r\n\r\n\r\n\r\n<p><strong>9 (kiitett\u00e4v\u00e4 10\/15\/25)<\/strong><\/p>\r\n\r\n\r\n\r\n<ul class=\"wp-block-list\">\r\n<li>Erittelev\u00e4 lukutaito on erinomaista.<\/li>\r\n<li>Kriittinen ja kulttuurinen lukutaito on erinomaisesti hallinnassa.<\/li>\r\n<li>Tekstin tulkinta on ehyt, ja tekstist\u00e4 tehd\u00e4\u00e4n olennaisia havaintoja.<\/li>\r\n<li>Havainnot suhteutetaan tekstin merkityksiin ja aineiston tekstilajiin.<\/li>\r\n<li>Havainnoissa huomioidaan tekstin eri merkitystasot ja\u00a0tulkitaan\u00a0s\u00e4vyj\u00e4 ja tyylej\u00e4.<\/li>\r\n<li>Teht\u00e4v\u00e4nanto t\u00e4yttyy eritt\u00e4in hyvin.<\/li>\r\n<li>P\u00e4\u00e4telm\u00e4t ja tulkinnat ovat uskottavia ja yhdistet\u00e4\u00e4n tarkoituksenmukaisesti\u00a0teksti- ja kontekstihavaintoihin.<\/li>\r\n<li>Erittely ja tulkinta ovat teht\u00e4v\u00e4nannon mukaisella sopivalla abstraktiotasolla.<\/li>\r\n<li>Teht\u00e4v\u00e4\u00e4n sopivia k\u00e4sitteit\u00e4 on k\u00e4ytetty asianmukaisesti.<\/li>\r\n<li>Vastaus on kokonaisuudessaan selke\u00e4 ja helposti ymm\u00e4rrett\u00e4v\u00e4.<\/li>\r\n<li>Vastaus on loogisesti etenev\u00e4 ja j\u00e4sennelty kokonaisuus.<\/li>\r\n<li>Havainnot on ryhmitelty, ja omat p\u00e4\u00e4telm\u00e4t ja tulkinnat erottuvat.<\/li>\r\n<li>Luettelomuotoinen vastaus on selke\u00e4 ja j\u00e4sentynyt.<\/li>\r\n<\/ul>\r\n\r\n\r\n\r\n<p><strong>10 (erinomainen 12\/18\/30)<\/strong><\/p>\r\n\r\n\r\n\r\n<ul class=\"wp-block-list\">\r\n<li>Kriittinen ja kulttuurinen lukutaito on erinomaisesti hallinnassa.<\/li>\r\n<li>Tekstin tulkinta on ehyt ja oivaltava.<\/li>\r\n<li>Tekstin sis\u00e4lt\u00f6j\u00e4 ja keinoja on osattu eritell\u00e4 ja arvioida.<\/li>\r\n<li>Tekstin s\u00e4vyj\u00e4 ja eri merkitystasoja on ymm\u00e4rretty.<\/li>\r\n<li>Tulkinnassa huomioidaan tekstilajipiirteet, tekstin tilanne-, ja kulttuurikonteksti.<\/li>\r\n<li>Vastaus t\u00e4ytt\u00e4\u00e4 erinomaisesti teht\u00e4v\u00e4nannon.<\/li>\r\n<li>Havainnot ovat monipuolisia, t\u00e4sm\u00e4llisi\u00e4 ja osuvia.<\/li>\r\n<li>P\u00e4\u00e4telm\u00e4t ovat oivaltavia ja tulkinta on\u00a0vakuuttavasti perusteltu\u00a0teksti-, ja kontekstihavainnoin.<\/li>\r\n<li>Erittely ja tulkinta ovat teht\u00e4v\u00e4nannon mukaisella sopivalla abstraktiotasolla.<\/li>\r\n<li>Teht\u00e4v\u00e4\u00e4n sopivia k\u00e4sitteit\u00e4 on k\u00e4ytetty asiantuntevasti ja luontevasti.<\/li>\r\n<li>Vastaus on kokonaisuudessaan selke\u00e4 ja helposti ymm\u00e4rrett\u00e4v\u00e4.<\/li>\r\n<li>Vastaus on loogisesti etenev\u00e4 ja j\u00e4sennelty kokonaisuus.<\/li>\r\n<li>Havainnot on ryhmitelty, ja omat p\u00e4\u00e4telm\u00e4t ja tulkinnat erottuvat\u00a0selke\u00e4sti.<\/li>\r\n<li>Luettelomuotoinen vastaus on j\u00e4sentynyt ja\u00a0hyvin muotoiltu.<\/li>\r\n<\/ul>\r\n\r\n\r\n\r\n<p>&nbsp;<\/p>\r\n\r\n\r\n\r\n<h3 class=\"wp-block-heading\">YTL:n pistem\u00e4\u00e4r\u00e4kuvaukset (4.2.2022)<\/h3>\r\n\r\n\r\n\r\n<p>&nbsp;<\/p>\r\n\r\n\r\n<a href=\"http:\/\/www.blogi.lyseo.org\/wp\/wp-content\/uploads\/2024\/01\/LT.pdf\" class=\"pdfemb-viewer\" style=\"\" data-width=\"max\" data-height=\"max\" data-mobile-width=\"500\"  data-scrollbar=\"vertical\" data-download=\"off\" data-tracking=\"on\" data-newwindow=\"on\" data-pagetextbox=\"off\" data-scrolltotop=\"off\" data-startzoom=\"100\" data-startfpzoom=\"100\" data-toolbar=\"bottom\" data-toolbar-fixed=\"on\">LT<br\/><\/a>\r\n<p class=\"wp-block-pdfemb-pdf-embedder-viewer\">\u00a0<\/p>\r\n","protected":false},"excerpt":{"rendered":"<p>Lukutaidon kokeen arvioinnissa k\u00e4ytet\u00e4\u00e4n kolmea eri asteikkoa, ja koe on kolmiosainen.\u00a0 Yhteispistem\u00e4\u00e4r\u00e4 on 60 30 pisteen teht\u00e4v\u00e4 18 pisteen teht\u00e4v\u00e4 12 pisteen teht\u00e4v\u00e4 Arviointi jakautuu kolmeen osaan: Kokonaiskuva lukutaidosta Vastauksen sis\u00e4lt\u00f6 Vastauksen esitystapa Selkeyden vuoksi listauksessa on k\u00e4ytetty kouluarvosanoja, ja [&hellip;]<\/p>\n","protected":false},"author":1,"featured_media":0,"parent":4092,"menu_order":0,"comment_status":"closed","ping_status":"closed","template":"","meta":{"_exactmetrics_skip_tracking":false,"_exactmetrics_sitenote_active":false,"_exactmetrics_sitenote_note":"","_exactmetrics_sitenote_category":0,"footnotes":""},"class_list":["post-4128","page","type-page","status-publish","hentry"],"_links":{"self":[{"href":"http:\/\/www.blogi.lyseo.org\/wp\/wp-json\/wp\/v2\/pages\/4128","targetHints":{"allow":["GET"]}}],"collection":[{"href":"http:\/\/www.blogi.lyseo.org\/wp\/wp-json\/wp\/v2\/pages"}],"about":[{"href":"http:\/\/www.blogi.lyseo.org\/wp\/wp-json\/wp\/v2\/types\/page"}],"author":[{"embeddable":true,"href":"http:\/\/www.blogi.lyseo.org\/wp\/wp-json\/wp\/v2\/users\/1"}],"replies":[{"embeddable":true,"href":"http:\/\/www.blogi.lyseo.org\/wp\/wp-json\/wp\/v2\/comments?post=4128"}],"version-history":[{"count":12,"href":"http:\/\/www.blogi.lyseo.org\/wp\/wp-json\/wp\/v2\/pages\/4128\/revisions"}],"predecessor-version":[{"id":6147,"href":"http:\/\/www.blogi.lyseo.org\/wp\/wp-json\/wp\/v2\/pages\/4128\/revisions\/6147"}],"up":[{"embeddable":true,"href":"http:\/\/www.blogi.lyseo.org\/wp\/wp-json\/wp\/v2\/pages\/4092"}],"wp:attachment":[{"href":"http:\/\/www.blogi.lyseo.org\/wp\/wp-json\/wp\/v2\/media?parent=4128"}],"curies":[{"name":"wp","href":"https:\/\/api.w.org\/{rel}","templated":true}]}}